{"id":1593,"date":"2024-10-02T13:10:47","date_gmt":"2024-10-02T13:10:47","guid":{"rendered":"http:\/\/innoplus.stradigi.dev\/innoclean\/"},"modified":"2025-10-29T09:51:04","modified_gmt":"2025-10-29T09:51:04","slug":"innoclean","status":"publish","type":"page","link":"https:\/\/innoplus.stradigi.dev\/de\/produkte\/innoclean\/","title":{"rendered":"InnoClean"},"content":{"rendered":"\n<p>Dies ist eine Beispielseite. Sie unterscheidet sich von einem Blogbeitrag, weil sie an einem Ort bleibt und in der Navigation Ihrer Website angezeigt wird (in den meisten Themes). Die meisten Menschen beginnen mit einer \u00dcber-Seite, auf der sie sich potenziellen Besuchern der Website vorstellen. Sie k\u00f6nnte etwa so lauten:   <\/p>\n\n<blockquote class=\"wp-block-quote is-layout-flow wp-block-quote-is-layout-flow\"><p>Hallo zusammen! Ich bin ein Fahrradkurier bei Tag und ein aufstrebender Schauspieler bei Nacht und dies ist meine Website.  Ich lebe in Los Angeles, habe einen tollen Hund namens Jack und mag Pi\u00f1a Coladas. (Und im Regen erwischt zu werden.) <\/p><\/blockquote>\n\n<p>&#8230;oder etwas in dieser Art:<\/p>\n\n<blockquote class=\"wp-block-quote is-layout-flow wp-block-quote-is-layout-flow\"><p>Die XYZ Doohickey Company wurde 1971 gegr\u00fcndet und stellt seitdem hochwertige Doohickeys f\u00fcr die \u00d6ffentlichkeit her. XYZ hat seinen Sitz in Gotham City und besch\u00e4ftigt \u00fcber 2.000 Mitarbeiter, die alle m\u00f6glichen gro\u00dfartigen Dinge f\u00fcr die Gotham Community tun. <\/p><\/blockquote>\n\n<p>Als neuer WordPress-Benutzer sollten Sie zu <a href=\"http:\/\/innoplus.stradigi.dev\/wp\/wp-admin\/\">Ihrem Dashboard<\/a> gehen, um diese Seite zu l\u00f6schen und neue Seiten f\u00fcr Ihre Inhalte zu erstellen. Viel Spa\u00df! <\/p>\n","protected":false},"excerpt":{"rendered":"<p>Gemeinsam auf dem Weg zu einer nachhaltigen Viehzucht. InnoClean Luftw\u00e4scher reduzieren Emissionen und steigern die Energieeffizienz in der Tierhaltung.<\/p>\n","protected":false},"author":2,"featured_media":1078,"parent":1595,"menu_order":0,"comment_status":"closed","ping_status":"open","template":"","meta":{"_acf_changed":false,"footnotes":""},"class_list":["post-1593","page","type-page","status-publish","has-post-thumbnail","hentry"],"acf":[],"yoast_head":"<!-- This site is optimized with the Yoast SEO plugin v27.1.1 - https:\/\/yoast.com\/product\/yoast-seo-wordpress\/ -->\n<title>InnoClean Luftw\u00e4scher zur Emissionskontrolle \u2013 Inno+<\/title>\n<meta name=\"description\" content=\"Gemeinsam auf dem Weg zu einer nachhaltigen Viehzucht. InnoClean Luftw\u00e4scher reduzieren Emissionen und steigern die Energieeffizienz in der Tierhaltung.\" \/>\n<meta name=\"robots\" content=\"index, follow, max-snippet:-1, max-image-preview:large, max-video-preview:-1\" \/>\n<link rel=\"canonical\" href=\"https:\/\/innoplus.stradigi.dev\/de\/produkte\/innoclean\/\" \/>\n<meta property=\"og:locale\" content=\"de_DE\" \/>\n<meta property=\"og:type\" content=\"article\" \/>\n<meta property=\"og:title\" content=\"InnoClean Luftw\u00e4scher zur Emissionskontrolle \u2013 Inno+\" \/>\n<meta property=\"og:description\" content=\"Gemeinsam auf dem Weg zu einer nachhaltigen Viehzucht. InnoClean Luftw\u00e4scher reduzieren Emissionen und steigern die Energieeffizienz in der Tierhaltung.\" \/>\n<meta property=\"og:url\" content=\"https:\/\/innoplus.stradigi.dev\/de\/produkte\/innoclean\/\" \/>\n<meta property=\"og:site_name\" content=\"Inno+\" \/>\n<meta property=\"article:publisher\" content=\"https:\/\/www.facebook.com\/innoplus.nl\" \/>\n<meta property=\"article:modified_time\" content=\"2025-10-29T09:51:04+00:00\" \/>\n<meta property=\"og:image\" content=\"https:\/\/innoplus.stradigi.dev\/app\/uploads\/2024\/10\/DJI_0345_7.jpg\" \/>\n\t<meta property=\"og:image:width\" content=\"1920\" \/>\n\t<meta property=\"og:image:height\" content=\"1080\" \/>\n\t<meta property=\"og:image:type\" content=\"image\/jpeg\" \/>\n<meta name=\"twitter:card\" content=\"summary_large_image\" \/>\n<meta name=\"twitter:label1\" content=\"Est. reading time\" \/>\n\t<meta name=\"twitter:data1\" content=\"10 minutes\" \/>\n<script type=\"application\/ld+json\" class=\"yoast-schema-graph\">{\"@context\":\"https:\/\/schema.org\",\"@graph\":[{\"@type\":\"WebPage\",\"@id\":\"https:\/\/innoplus.stradigi.dev\/de\/produkte\/innoclean\/\",\"url\":\"https:\/\/innoplus.stradigi.dev\/de\/produkte\/innoclean\/\",\"name\":\"InnoClean Luftw\u00e4scher zur Emissionskontrolle \u2013 Inno+\",\"isPartOf\":{\"@id\":\"https:\/\/innoplus.stradigi.dev\/de\/#website\"},\"primaryImageOfPage\":{\"@id\":\"https:\/\/innoplus.stradigi.dev\/de\/produkte\/innoclean\/#primaryimage\"},\"image\":{\"@id\":\"https:\/\/innoplus.stradigi.dev\/de\/produkte\/innoclean\/#primaryimage\"},\"thumbnailUrl\":\"https:\/\/innoplus.stradigi.dev\/app\/uploads\/2024\/10\/DJI_0345_7.jpg\",\"datePublished\":\"2024-10-02T13:10:47+00:00\",\"dateModified\":\"2025-10-29T09:51:04+00:00\",\"description\":\"Gemeinsam auf dem Weg zu einer nachhaltigen Viehzucht. InnoClean Luftw\u00e4scher reduzieren Emissionen und steigern die Energieeffizienz in der Tierhaltung.\",\"breadcrumb\":{\"@id\":\"https:\/\/innoplus.stradigi.dev\/de\/produkte\/innoclean\/#breadcrumb\"},\"inLanguage\":\"de-DE\",\"potentialAction\":[{\"@type\":\"ReadAction\",\"target\":[\"https:\/\/innoplus.stradigi.dev\/de\/produkte\/innoclean\/\"]}]},{\"@type\":\"ImageObject\",\"inLanguage\":\"de-DE\",\"@id\":\"https:\/\/innoplus.stradigi.dev\/de\/produkte\/innoclean\/#primaryimage\",\"url\":\"https:\/\/innoplus.stradigi.dev\/app\/uploads\/2024\/10\/DJI_0345_7.jpg\",\"contentUrl\":\"https:\/\/innoplus.stradigi.dev\/app\/uploads\/2024\/10\/DJI_0345_7.jpg\",\"width\":1920,\"height\":1080},{\"@type\":\"BreadcrumbList\",\"@id\":\"https:\/\/innoplus.stradigi.dev\/de\/produkte\/innoclean\/#breadcrumb\",\"itemListElement\":[{\"@type\":\"ListItem\",\"position\":1,\"name\":\"Home\",\"item\":\"https:\/\/innoplus.stradigi.dev\/de\/\"},{\"@type\":\"ListItem\",\"position\":2,\"name\":\"Produkte\",\"item\":\"https:\/\/innoplus.stradigi.dev\/de\/produkte\/\"},{\"@type\":\"ListItem\",\"position\":3,\"name\":\"InnoClean\"}]},{\"@type\":\"WebSite\",\"@id\":\"https:\/\/innoplus.stradigi.dev\/de\/#website\",\"url\":\"https:\/\/innoplus.stradigi.dev\/de\/\",\"name\":\"Inno+ | We energise farming\",\"description\":\"We energise farming\",\"publisher\":{\"@id\":\"https:\/\/innoplus.stradigi.dev\/de\/#organization\"},\"alternateName\":\"Inno+\",\"potentialAction\":[{\"@type\":\"SearchAction\",\"target\":{\"@type\":\"EntryPoint\",\"urlTemplate\":\"https:\/\/innoplus.stradigi.dev\/de\/?s={search_term_string}\"},\"query-input\":{\"@type\":\"PropertyValueSpecification\",\"valueRequired\":true,\"valueName\":\"search_term_string\"}}],\"inLanguage\":\"de-DE\"},{\"@type\":\"Organization\",\"@id\":\"https:\/\/innoplus.stradigi.dev\/de\/#organization\",\"name\":\"Inno+ | We energise farming\",\"alternateName\":\"Inno+\",\"url\":\"https:\/\/innoplus.stradigi.dev\/de\/\",\"logo\":{\"@type\":\"ImageObject\",\"inLanguage\":\"de-DE\",\"@id\":\"https:\/\/innoplus.stradigi.dev\/de\/#\/schema\/logo\/image\/\",\"url\":\"https:\/\/inno-plussystems.com\/app\/uploads\/2024\/09\/inno-plus_logo.svg\",\"contentUrl\":\"https:\/\/inno-plussystems.com\/app\/uploads\/2024\/09\/inno-plus_logo.svg\",\"width\":1,\"height\":1,\"caption\":\"Inno+ | We energise farming\"},\"image\":{\"@id\":\"https:\/\/innoplus.stradigi.dev\/de\/#\/schema\/logo\/image\/\"},\"sameAs\":[\"https:\/\/www.facebook.com\/innoplus.nl\",\"https:\/\/www.linkedin.com\/company\/inno-plus\"]}]}<\/script>\n<!-- \/ Yoast SEO plugin. -->","yoast_head_json":{"title":"InnoClean Luftw\u00e4scher zur Emissionskontrolle \u2013 Inno+","description":"Gemeinsam auf dem Weg zu einer nachhaltigen Viehzucht. InnoClean Luftw\u00e4scher reduzieren Emissionen und steigern die Energieeffizienz in der Tierhaltung.","robots":{"index":"index","follow":"follow","max-snippet":"max-snippet:-1","max-image-preview":"max-image-preview:large","max-video-preview":"max-video-preview:-1"},"canonical":"https:\/\/innoplus.stradigi.dev\/de\/produkte\/innoclean\/","og_locale":"de_DE","og_type":"article","og_title":"InnoClean Luftw\u00e4scher zur Emissionskontrolle \u2013 Inno+","og_description":"Gemeinsam auf dem Weg zu einer nachhaltigen Viehzucht. InnoClean Luftw\u00e4scher reduzieren Emissionen und steigern die Energieeffizienz in der Tierhaltung.","og_url":"https:\/\/innoplus.stradigi.dev\/de\/produkte\/innoclean\/","og_site_name":"Inno+","article_publisher":"https:\/\/www.facebook.com\/innoplus.nl","article_modified_time":"2025-10-29T09:51:04+00:00","og_image":[{"width":1920,"height":1080,"url":"https:\/\/innoplus.stradigi.dev\/app\/uploads\/2024\/10\/DJI_0345_7.jpg","type":"image\/jpeg"}],"twitter_card":"summary_large_image","twitter_misc":{"Est. reading time":"10 minutes"},"schema":{"@context":"https:\/\/schema.org","@graph":[{"@type":"WebPage","@id":"https:\/\/innoplus.stradigi.dev\/de\/produkte\/innoclean\/","url":"https:\/\/innoplus.stradigi.dev\/de\/produkte\/innoclean\/","name":"InnoClean Luftw\u00e4scher zur Emissionskontrolle \u2013 Inno+","isPartOf":{"@id":"https:\/\/innoplus.stradigi.dev\/de\/#website"},"primaryImageOfPage":{"@id":"https:\/\/innoplus.stradigi.dev\/de\/produkte\/innoclean\/#primaryimage"},"image":{"@id":"https:\/\/innoplus.stradigi.dev\/de\/produkte\/innoclean\/#primaryimage"},"thumbnailUrl":"https:\/\/innoplus.stradigi.dev\/app\/uploads\/2024\/10\/DJI_0345_7.jpg","datePublished":"2024-10-02T13:10:47+00:00","dateModified":"2025-10-29T09:51:04+00:00","description":"Gemeinsam auf dem Weg zu einer nachhaltigen Viehzucht. InnoClean Luftw\u00e4scher reduzieren Emissionen und steigern die Energieeffizienz in der Tierhaltung.","breadcrumb":{"@id":"https:\/\/innoplus.stradigi.dev\/de\/produkte\/innoclean\/#breadcrumb"},"inLanguage":"de-DE","potentialAction":[{"@type":"ReadAction","target":["https:\/\/innoplus.stradigi.dev\/de\/produkte\/innoclean\/"]}]},{"@type":"ImageObject","inLanguage":"de-DE","@id":"https:\/\/innoplus.stradigi.dev\/de\/produkte\/innoclean\/#primaryimage","url":"https:\/\/innoplus.stradigi.dev\/app\/uploads\/2024\/10\/DJI_0345_7.jpg","contentUrl":"https:\/\/innoplus.stradigi.dev\/app\/uploads\/2024\/10\/DJI_0345_7.jpg","width":1920,"height":1080},{"@type":"BreadcrumbList","@id":"https:\/\/innoplus.stradigi.dev\/de\/produkte\/innoclean\/#breadcrumb","itemListElement":[{"@type":"ListItem","position":1,"name":"Home","item":"https:\/\/innoplus.stradigi.dev\/de\/"},{"@type":"ListItem","position":2,"name":"Produkte","item":"https:\/\/innoplus.stradigi.dev\/de\/produkte\/"},{"@type":"ListItem","position":3,"name":"InnoClean"}]},{"@type":"WebSite","@id":"https:\/\/innoplus.stradigi.dev\/de\/#website","url":"https:\/\/innoplus.stradigi.dev\/de\/","name":"Inno+ | We energise farming","description":"We energise farming","publisher":{"@id":"https:\/\/innoplus.stradigi.dev\/de\/#organization"},"alternateName":"Inno+","potentialAction":[{"@type":"SearchAction","target":{"@type":"EntryPoint","urlTemplate":"https:\/\/innoplus.stradigi.dev\/de\/?s={search_term_string}"},"query-input":{"@type":"PropertyValueSpecification","valueRequired":true,"valueName":"search_term_string"}}],"inLanguage":"de-DE"},{"@type":"Organization","@id":"https:\/\/innoplus.stradigi.dev\/de\/#organization","name":"Inno+ | We energise farming","alternateName":"Inno+","url":"https:\/\/innoplus.stradigi.dev\/de\/","logo":{"@type":"ImageObject","inLanguage":"de-DE","@id":"https:\/\/innoplus.stradigi.dev\/de\/#\/schema\/logo\/image\/","url":"https:\/\/inno-plussystems.com\/app\/uploads\/2024\/09\/inno-plus_logo.svg","contentUrl":"https:\/\/inno-plussystems.com\/app\/uploads\/2024\/09\/inno-plus_logo.svg","width":1,"height":1,"caption":"Inno+ | We energise farming"},"image":{"@id":"https:\/\/innoplus.stradigi.dev\/de\/#\/schema\/logo\/image\/"},"sameAs":["https:\/\/www.facebook.com\/innoplus.nl","https:\/\/www.linkedin.com\/company\/inno-plus"]}]}},"_links":{"self":[{"href":"https:\/\/innoplus.stradigi.dev\/de\/wp-json\/wp\/v2\/pages\/1593","targetHints":{"allow":["GET"]}}],"collection":[{"href":"https:\/\/innoplus.stradigi.dev\/de\/wp-json\/wp\/v2\/pages"}],"about":[{"href":"https:\/\/innoplus.stradigi.dev\/de\/wp-json\/wp\/v2\/types\/page"}],"author":[{"embeddable":true,"href":"https:\/\/innoplus.stradigi.dev\/de\/wp-json\/wp\/v2\/users\/2"}],"replies":[{"embeddable":true,"href":"https:\/\/innoplus.stradigi.dev\/de\/wp-json\/wp\/v2\/comments?post=1593"}],"version-history":[{"count":15,"href":"https:\/\/innoplus.stradigi.dev\/de\/wp-json\/wp\/v2\/pages\/1593\/revisions"}],"predecessor-version":[{"id":3063,"href":"https:\/\/innoplus.stradigi.dev\/de\/wp-json\/wp\/v2\/pages\/1593\/revisions\/3063"}],"up":[{"embeddable":true,"href":"https:\/\/innoplus.stradigi.dev\/de\/wp-json\/wp\/v2\/pages\/1595"}],"wp:featuredmedia":[{"embeddable":true,"href":"https:\/\/innoplus.stradigi.dev\/de\/wp-json\/wp\/v2\/media\/1078"}],"wp:attachment":[{"href":"https:\/\/innoplus.stradigi.dev\/de\/wp-json\/wp\/v2\/media?parent=1593"}],"curies":[{"name":"wp","href":"https:\/\/api.w.org\/{rel}","templated":true}]}}