{"id":1599,"date":"2024-10-02T07:07:05","date_gmt":"2024-10-02T07:07:05","guid":{"rendered":"http:\/\/innoplus.stradigi.dev\/maerkte\/"},"modified":"2025-09-03T13:23:55","modified_gmt":"2025-09-03T13:23:55","slug":"markte","status":"publish","type":"page","link":"https:\/\/innoplus.stradigi.dev\/de\/markte\/","title":{"rendered":"M\u00e4rkte"},"content":{"rendered":"","protected":false},"excerpt":{"rendered":"","protected":false},"author":2,"featured_media":870,"parent":0,"menu_order":0,"comment_status":"closed","ping_status":"closed","template":"","meta":{"_acf_changed":false,"footnotes":""},"class_list":["post-1599","page","type-page","status-publish","has-post-thumbnail","hentry"],"acf":[],"yoast_head":"<!-- This site is optimized with the Yoast SEO plugin v27.1.1 - https:\/\/yoast.com\/product\/yoast-seo-wordpress\/ -->\n<title>L\u00f6sungen f\u00fcr verschiedene Viehzuchtm\u00e4rkte \u2013 Inno+<\/title>\n<meta name=\"description\" content=\"Inno+ bietet L\u00f6sungen f\u00fcr Schweinehaltung, Rinderhaltung, Gefl\u00fcgel, Insektenzucht und G\u00fclleaufbereitung. Beginnen Sie noch heute mit der Nachhaltigkeit.\" \/>\n<meta name=\"robots\" content=\"index, follow, max-snippet:-1, max-image-preview:large, max-video-preview:-1\" \/>\n<link rel=\"canonical\" href=\"https:\/\/innoplus.stradigi.dev\/de\/markte\/\" \/>\n<meta property=\"og:locale\" content=\"de_DE\" \/>\n<meta property=\"og:type\" content=\"article\" \/>\n<meta property=\"og:title\" content=\"L\u00f6sungen f\u00fcr verschiedene Viehzuchtm\u00e4rkte \u2013 Inno+\" \/>\n<meta property=\"og:description\" content=\"Inno+ bietet L\u00f6sungen f\u00fcr Schweinehaltung, Rinderhaltung, Gefl\u00fcgel, Insektenzucht und G\u00fclleaufbereitung. Beginnen Sie noch heute mit der Nachhaltigkeit.\" \/>\n<meta property=\"og:url\" content=\"https:\/\/innoplus.stradigi.dev\/de\/markte\/\" \/>\n<meta property=\"og:site_name\" content=\"Inno+\" \/>\n<meta property=\"article:publisher\" content=\"https:\/\/www.facebook.com\/innoplus.nl\" \/>\n<meta property=\"article:modified_time\" content=\"2025-09-03T13:23:55+00:00\" \/>\n<meta property=\"og:image\" content=\"https:\/\/innoplus.stradigi.dev\/app\/uploads\/2024\/10\/Duurzame-toekomst-voor-varkenshouderij-Loverbos-2048x1155-1.jpeg\" \/>\n\t<meta property=\"og:image:width\" content=\"2048\" \/>\n\t<meta property=\"og:image:height\" content=\"1155\" \/>\n\t<meta property=\"og:image:type\" content=\"image\/jpeg\" \/>\n<meta name=\"twitter:card\" content=\"summary_large_image\" \/>\n<meta name=\"twitter:label1\" content=\"Est. reading time\" \/>\n\t<meta name=\"twitter:data1\" content=\"6 minutes\" \/>\n<script type=\"application\/ld+json\" class=\"yoast-schema-graph\">{\"@context\":\"https:\/\/schema.org\",\"@graph\":[{\"@type\":\"WebPage\",\"@id\":\"https:\/\/innoplus.stradigi.dev\/de\/markte\/\",\"url\":\"https:\/\/innoplus.stradigi.dev\/de\/markte\/\",\"name\":\"L\u00f6sungen f\u00fcr verschiedene Viehzuchtm\u00e4rkte \u2013 Inno+\",\"isPartOf\":{\"@id\":\"https:\/\/innoplus.stradigi.dev\/de\/#website\"},\"primaryImageOfPage\":{\"@id\":\"https:\/\/innoplus.stradigi.dev\/de\/markte\/#primaryimage\"},\"image\":{\"@id\":\"https:\/\/innoplus.stradigi.dev\/de\/markte\/#primaryimage\"},\"thumbnailUrl\":\"https:\/\/innoplus.stradigi.dev\/app\/uploads\/2024\/10\/Duurzame-toekomst-voor-varkenshouderij-Loverbos-2048x1155-1.jpeg\",\"datePublished\":\"2024-10-02T07:07:05+00:00\",\"dateModified\":\"2025-09-03T13:23:55+00:00\",\"description\":\"Inno+ bietet L\u00f6sungen f\u00fcr Schweinehaltung, Rinderhaltung, Gefl\u00fcgel, Insektenzucht und G\u00fclleaufbereitung. Beginnen Sie noch heute mit der Nachhaltigkeit.\",\"breadcrumb\":{\"@id\":\"https:\/\/innoplus.stradigi.dev\/de\/markte\/#breadcrumb\"},\"inLanguage\":\"de-DE\",\"potentialAction\":[{\"@type\":\"ReadAction\",\"target\":[\"https:\/\/innoplus.stradigi.dev\/de\/markte\/\"]}]},{\"@type\":\"ImageObject\",\"inLanguage\":\"de-DE\",\"@id\":\"https:\/\/innoplus.stradigi.dev\/de\/markte\/#primaryimage\",\"url\":\"https:\/\/innoplus.stradigi.dev\/app\/uploads\/2024\/10\/Duurzame-toekomst-voor-varkenshouderij-Loverbos-2048x1155-1.jpeg\",\"contentUrl\":\"https:\/\/innoplus.stradigi.dev\/app\/uploads\/2024\/10\/Duurzame-toekomst-voor-varkenshouderij-Loverbos-2048x1155-1.jpeg\",\"width\":2048,\"height\":1155,\"caption\":\"Screenshot\"},{\"@type\":\"BreadcrumbList\",\"@id\":\"https:\/\/innoplus.stradigi.dev\/de\/markte\/#breadcrumb\",\"itemListElement\":[{\"@type\":\"ListItem\",\"position\":1,\"name\":\"Home\",\"item\":\"https:\/\/innoplus.stradigi.dev\/de\/\"},{\"@type\":\"ListItem\",\"position\":2,\"name\":\"M\u00e4rkte\"}]},{\"@type\":\"WebSite\",\"@id\":\"https:\/\/innoplus.stradigi.dev\/de\/#website\",\"url\":\"https:\/\/innoplus.stradigi.dev\/de\/\",\"name\":\"Inno+ | We energise farming\",\"description\":\"We energise farming\",\"publisher\":{\"@id\":\"https:\/\/innoplus.stradigi.dev\/de\/#organization\"},\"alternateName\":\"Inno+\",\"potentialAction\":[{\"@type\":\"SearchAction\",\"target\":{\"@type\":\"EntryPoint\",\"urlTemplate\":\"https:\/\/innoplus.stradigi.dev\/de\/?s={search_term_string}\"},\"query-input\":{\"@type\":\"PropertyValueSpecification\",\"valueRequired\":true,\"valueName\":\"search_term_string\"}}],\"inLanguage\":\"de-DE\"},{\"@type\":\"Organization\",\"@id\":\"https:\/\/innoplus.stradigi.dev\/de\/#organization\",\"name\":\"Inno+ | We energise farming\",\"alternateName\":\"Inno+\",\"url\":\"https:\/\/innoplus.stradigi.dev\/de\/\",\"logo\":{\"@type\":\"ImageObject\",\"inLanguage\":\"de-DE\",\"@id\":\"https:\/\/innoplus.stradigi.dev\/de\/#\/schema\/logo\/image\/\",\"url\":\"https:\/\/inno-plussystems.com\/app\/uploads\/2024\/09\/inno-plus_logo.svg\",\"contentUrl\":\"https:\/\/inno-plussystems.com\/app\/uploads\/2024\/09\/inno-plus_logo.svg\",\"width\":1,\"height\":1,\"caption\":\"Inno+ | We energise farming\"},\"image\":{\"@id\":\"https:\/\/innoplus.stradigi.dev\/de\/#\/schema\/logo\/image\/\"},\"sameAs\":[\"https:\/\/www.facebook.com\/innoplus.nl\",\"https:\/\/www.linkedin.com\/company\/inno-plus\"]}]}<\/script>\n<!-- \/ Yoast SEO plugin. -->","yoast_head_json":{"title":"L\u00f6sungen f\u00fcr verschiedene Viehzuchtm\u00e4rkte \u2013 Inno+","description":"Inno+ bietet L\u00f6sungen f\u00fcr Schweinehaltung, Rinderhaltung, Gefl\u00fcgel, Insektenzucht und G\u00fclleaufbereitung. Beginnen Sie noch heute mit der Nachhaltigkeit.","robots":{"index":"index","follow":"follow","max-snippet":"max-snippet:-1","max-image-preview":"max-image-preview:large","max-video-preview":"max-video-preview:-1"},"canonical":"https:\/\/innoplus.stradigi.dev\/de\/markte\/","og_locale":"de_DE","og_type":"article","og_title":"L\u00f6sungen f\u00fcr verschiedene Viehzuchtm\u00e4rkte \u2013 Inno+","og_description":"Inno+ bietet L\u00f6sungen f\u00fcr Schweinehaltung, Rinderhaltung, Gefl\u00fcgel, Insektenzucht und G\u00fclleaufbereitung. Beginnen Sie noch heute mit der Nachhaltigkeit.","og_url":"https:\/\/innoplus.stradigi.dev\/de\/markte\/","og_site_name":"Inno+","article_publisher":"https:\/\/www.facebook.com\/innoplus.nl","article_modified_time":"2025-09-03T13:23:55+00:00","og_image":[{"width":2048,"height":1155,"url":"https:\/\/innoplus.stradigi.dev\/app\/uploads\/2024\/10\/Duurzame-toekomst-voor-varkenshouderij-Loverbos-2048x1155-1.jpeg","type":"image\/jpeg"}],"twitter_card":"summary_large_image","twitter_misc":{"Est. reading time":"6 minutes"},"schema":{"@context":"https:\/\/schema.org","@graph":[{"@type":"WebPage","@id":"https:\/\/innoplus.stradigi.dev\/de\/markte\/","url":"https:\/\/innoplus.stradigi.dev\/de\/markte\/","name":"L\u00f6sungen f\u00fcr verschiedene Viehzuchtm\u00e4rkte \u2013 Inno+","isPartOf":{"@id":"https:\/\/innoplus.stradigi.dev\/de\/#website"},"primaryImageOfPage":{"@id":"https:\/\/innoplus.stradigi.dev\/de\/markte\/#primaryimage"},"image":{"@id":"https:\/\/innoplus.stradigi.dev\/de\/markte\/#primaryimage"},"thumbnailUrl":"https:\/\/innoplus.stradigi.dev\/app\/uploads\/2024\/10\/Duurzame-toekomst-voor-varkenshouderij-Loverbos-2048x1155-1.jpeg","datePublished":"2024-10-02T07:07:05+00:00","dateModified":"2025-09-03T13:23:55+00:00","description":"Inno+ bietet L\u00f6sungen f\u00fcr Schweinehaltung, Rinderhaltung, Gefl\u00fcgel, Insektenzucht und G\u00fclleaufbereitung. Beginnen Sie noch heute mit der Nachhaltigkeit.","breadcrumb":{"@id":"https:\/\/innoplus.stradigi.dev\/de\/markte\/#breadcrumb"},"inLanguage":"de-DE","potentialAction":[{"@type":"ReadAction","target":["https:\/\/innoplus.stradigi.dev\/de\/markte\/"]}]},{"@type":"ImageObject","inLanguage":"de-DE","@id":"https:\/\/innoplus.stradigi.dev\/de\/markte\/#primaryimage","url":"https:\/\/innoplus.stradigi.dev\/app\/uploads\/2024\/10\/Duurzame-toekomst-voor-varkenshouderij-Loverbos-2048x1155-1.jpeg","contentUrl":"https:\/\/innoplus.stradigi.dev\/app\/uploads\/2024\/10\/Duurzame-toekomst-voor-varkenshouderij-Loverbos-2048x1155-1.jpeg","width":2048,"height":1155,"caption":"Screenshot"},{"@type":"BreadcrumbList","@id":"https:\/\/innoplus.stradigi.dev\/de\/markte\/#breadcrumb","itemListElement":[{"@type":"ListItem","position":1,"name":"Home","item":"https:\/\/innoplus.stradigi.dev\/de\/"},{"@type":"ListItem","position":2,"name":"M\u00e4rkte"}]},{"@type":"WebSite","@id":"https:\/\/innoplus.stradigi.dev\/de\/#website","url":"https:\/\/innoplus.stradigi.dev\/de\/","name":"Inno+ | We energise farming","description":"We energise farming","publisher":{"@id":"https:\/\/innoplus.stradigi.dev\/de\/#organization"},"alternateName":"Inno+","potentialAction":[{"@type":"SearchAction","target":{"@type":"EntryPoint","urlTemplate":"https:\/\/innoplus.stradigi.dev\/de\/?s={search_term_string}"},"query-input":{"@type":"PropertyValueSpecification","valueRequired":true,"valueName":"search_term_string"}}],"inLanguage":"de-DE"},{"@type":"Organization","@id":"https:\/\/innoplus.stradigi.dev\/de\/#organization","name":"Inno+ | We energise farming","alternateName":"Inno+","url":"https:\/\/innoplus.stradigi.dev\/de\/","logo":{"@type":"ImageObject","inLanguage":"de-DE","@id":"https:\/\/innoplus.stradigi.dev\/de\/#\/schema\/logo\/image\/","url":"https:\/\/inno-plussystems.com\/app\/uploads\/2024\/09\/inno-plus_logo.svg","contentUrl":"https:\/\/inno-plussystems.com\/app\/uploads\/2024\/09\/inno-plus_logo.svg","width":1,"height":1,"caption":"Inno+ | We energise farming"},"image":{"@id":"https:\/\/innoplus.stradigi.dev\/de\/#\/schema\/logo\/image\/"},"sameAs":["https:\/\/www.facebook.com\/innoplus.nl","https:\/\/www.linkedin.com\/company\/inno-plus"]}]}},"_links":{"self":[{"href":"https:\/\/innoplus.stradigi.dev\/de\/wp-json\/wp\/v2\/pages\/1599","targetHints":{"allow":["GET"]}}],"collection":[{"href":"https:\/\/innoplus.stradigi.dev\/de\/wp-json\/wp\/v2\/pages"}],"about":[{"href":"https:\/\/innoplus.stradigi.dev\/de\/wp-json\/wp\/v2\/types\/page"}],"author":[{"embeddable":true,"href":"https:\/\/innoplus.stradigi.dev\/de\/wp-json\/wp\/v2\/users\/2"}],"replies":[{"embeddable":true,"href":"https:\/\/innoplus.stradigi.dev\/de\/wp-json\/wp\/v2\/comments?post=1599"}],"version-history":[{"count":7,"href":"https:\/\/innoplus.stradigi.dev\/de\/wp-json\/wp\/v2\/pages\/1599\/revisions"}],"predecessor-version":[{"id":2962,"href":"https:\/\/innoplus.stradigi.dev\/de\/wp-json\/wp\/v2\/pages\/1599\/revisions\/2962"}],"wp:featuredmedia":[{"embeddable":true,"href":"https:\/\/innoplus.stradigi.dev\/de\/wp-json\/wp\/v2\/media\/870"}],"wp:attachment":[{"href":"https:\/\/innoplus.stradigi.dev\/de\/wp-json\/wp\/v2\/media?parent=1599"}],"curies":[{"name":"wp","href":"https:\/\/api.w.org\/{rel}","templated":true}]}}