{"id":1650,"date":"2024-11-06T13:29:56","date_gmt":"2024-11-06T13:29:56","guid":{"rendered":"http:\/\/innoplus.stradigi.dev\/haftungsausschluss\/"},"modified":"2024-11-13T11:50:38","modified_gmt":"2024-11-13T11:50:38","slug":"haftungsausschluss","status":"publish","type":"page","link":"https:\/\/innoplus.stradigi.dev\/de\/haftungsausschluss\/","title":{"rendered":"Haftungsausschluss"},"content":{"rendered":"","protected":false},"excerpt":{"rendered":"","protected":false},"author":2,"featured_media":1023,"parent":0,"menu_order":0,"comment_status":"closed","ping_status":"closed","template":"","meta":{"_acf_changed":false,"footnotes":""},"class_list":["post-1650","page","type-page","status-publish","has-post-thumbnail","hentry"],"acf":[],"yoast_head":"<!-- This site is optimized with the Yoast SEO plugin v27.1.1 - https:\/\/yoast.com\/product\/yoast-seo-wordpress\/ -->\n<title>Haftungsausschluss - Inno+<\/title>\n<meta name=\"description\" content=\"Lesen Sie den Haftungsausschluss von Inno+ f\u00fcr Informationen \u00fcber die Einschr\u00e4nkungen und Bedingungen unserer Website.\" \/>\n<meta name=\"robots\" content=\"index, follow, max-snippet:-1, max-image-preview:large, max-video-preview:-1\" \/>\n<link rel=\"canonical\" href=\"https:\/\/innoplus.stradigi.dev\/de\/haftungsausschluss\/\" \/>\n<meta property=\"og:locale\" content=\"de_DE\" \/>\n<meta property=\"og:type\" content=\"article\" \/>\n<meta property=\"og:title\" content=\"Haftungsausschluss - Inno+\" \/>\n<meta property=\"og:description\" content=\"Lesen Sie den Haftungsausschluss von Inno+ f\u00fcr Informationen \u00fcber die Einschr\u00e4nkungen und Bedingungen unserer Website.\" \/>\n<meta property=\"og:url\" content=\"https:\/\/innoplus.stradigi.dev\/de\/haftungsausschluss\/\" \/>\n<meta property=\"og:site_name\" content=\"Inno+\" \/>\n<meta property=\"article:publisher\" content=\"https:\/\/www.facebook.com\/innoplus.nl\" \/>\n<meta property=\"article:modified_time\" content=\"2024-11-13T11:50:38+00:00\" \/>\n<meta property=\"og:image\" content=\"https:\/\/innoplus.stradigi.dev\/app\/uploads\/2024\/10\/sunshine-over-dutch-farmland-with-windmill-2023-11-27-05-22-24-utc-small-1024x599.jpg\" \/>\n\t<meta property=\"og:image:width\" content=\"1024\" \/>\n\t<meta property=\"og:image:height\" content=\"599\" \/>\n\t<meta property=\"og:image:type\" content=\"image\/jpeg\" \/>\n<meta name=\"twitter:card\" content=\"summary_large_image\" \/>\n<meta name=\"twitter:label1\" content=\"Est. reading time\" \/>\n\t<meta name=\"twitter:data1\" content=\"1 minute\" \/>\n<script type=\"application\/ld+json\" class=\"yoast-schema-graph\">{\"@context\":\"https:\/\/schema.org\",\"@graph\":[{\"@type\":\"WebPage\",\"@id\":\"https:\/\/innoplus.stradigi.dev\/de\/haftungsausschluss\/\",\"url\":\"https:\/\/innoplus.stradigi.dev\/de\/haftungsausschluss\/\",\"name\":\"Haftungsausschluss - Inno+\",\"isPartOf\":{\"@id\":\"https:\/\/innoplus.stradigi.dev\/de\/#website\"},\"primaryImageOfPage\":{\"@id\":\"https:\/\/innoplus.stradigi.dev\/de\/haftungsausschluss\/#primaryimage\"},\"image\":{\"@id\":\"https:\/\/innoplus.stradigi.dev\/de\/haftungsausschluss\/#primaryimage\"},\"thumbnailUrl\":\"https:\/\/innoplus.stradigi.dev\/app\/uploads\/2024\/10\/sunshine-over-dutch-farmland-with-windmill-2023-11-27-05-22-24-utc-small-scaled.jpg\",\"datePublished\":\"2024-11-06T13:29:56+00:00\",\"dateModified\":\"2024-11-13T11:50:38+00:00\",\"description\":\"Lesen Sie den Haftungsausschluss von Inno+ f\u00fcr Informationen \u00fcber die Einschr\u00e4nkungen und Bedingungen unserer Website.\",\"breadcrumb\":{\"@id\":\"https:\/\/innoplus.stradigi.dev\/de\/haftungsausschluss\/#breadcrumb\"},\"inLanguage\":\"de-DE\",\"potentialAction\":[{\"@type\":\"ReadAction\",\"target\":[\"https:\/\/innoplus.stradigi.dev\/de\/haftungsausschluss\/\"]}]},{\"@type\":\"ImageObject\",\"inLanguage\":\"de-DE\",\"@id\":\"https:\/\/innoplus.stradigi.dev\/de\/haftungsausschluss\/#primaryimage\",\"url\":\"https:\/\/innoplus.stradigi.dev\/app\/uploads\/2024\/10\/sunshine-over-dutch-farmland-with-windmill-2023-11-27-05-22-24-utc-small-scaled.jpg\",\"contentUrl\":\"https:\/\/innoplus.stradigi.dev\/app\/uploads\/2024\/10\/sunshine-over-dutch-farmland-with-windmill-2023-11-27-05-22-24-utc-small-scaled.jpg\",\"width\":2560,\"height\":1498,\"caption\":\"sunshine over Dutch farmland with windmill, Holland\"},{\"@type\":\"BreadcrumbList\",\"@id\":\"https:\/\/innoplus.stradigi.dev\/de\/haftungsausschluss\/#breadcrumb\",\"itemListElement\":[{\"@type\":\"ListItem\",\"position\":1,\"name\":\"Home\",\"item\":\"https:\/\/innoplus.stradigi.dev\/de\/\"},{\"@type\":\"ListItem\",\"position\":2,\"name\":\"Haftungsausschluss\"}]},{\"@type\":\"WebSite\",\"@id\":\"https:\/\/innoplus.stradigi.dev\/de\/#website\",\"url\":\"https:\/\/innoplus.stradigi.dev\/de\/\",\"name\":\"Inno+ | We energise farming\",\"description\":\"We energise farming\",\"publisher\":{\"@id\":\"https:\/\/innoplus.stradigi.dev\/de\/#organization\"},\"alternateName\":\"Inno+\",\"potentialAction\":[{\"@type\":\"SearchAction\",\"target\":{\"@type\":\"EntryPoint\",\"urlTemplate\":\"https:\/\/innoplus.stradigi.dev\/de\/?s={search_term_string}\"},\"query-input\":{\"@type\":\"PropertyValueSpecification\",\"valueRequired\":true,\"valueName\":\"search_term_string\"}}],\"inLanguage\":\"de-DE\"},{\"@type\":\"Organization\",\"@id\":\"https:\/\/innoplus.stradigi.dev\/de\/#organization\",\"name\":\"Inno+ | We energise farming\",\"alternateName\":\"Inno+\",\"url\":\"https:\/\/innoplus.stradigi.dev\/de\/\",\"logo\":{\"@type\":\"ImageObject\",\"inLanguage\":\"de-DE\",\"@id\":\"https:\/\/innoplus.stradigi.dev\/de\/#\/schema\/logo\/image\/\",\"url\":\"https:\/\/inno-plussystems.com\/app\/uploads\/2024\/09\/inno-plus_logo.svg\",\"contentUrl\":\"https:\/\/inno-plussystems.com\/app\/uploads\/2024\/09\/inno-plus_logo.svg\",\"width\":1,\"height\":1,\"caption\":\"Inno+ | We energise farming\"},\"image\":{\"@id\":\"https:\/\/innoplus.stradigi.dev\/de\/#\/schema\/logo\/image\/\"},\"sameAs\":[\"https:\/\/www.facebook.com\/innoplus.nl\",\"https:\/\/www.linkedin.com\/company\/inno-plus\"]}]}<\/script>\n<!-- \/ Yoast SEO plugin. -->","yoast_head_json":{"title":"Haftungsausschluss - Inno+","description":"Lesen Sie den Haftungsausschluss von Inno+ f\u00fcr Informationen \u00fcber die Einschr\u00e4nkungen und Bedingungen unserer Website.","robots":{"index":"index","follow":"follow","max-snippet":"max-snippet:-1","max-image-preview":"max-image-preview:large","max-video-preview":"max-video-preview:-1"},"canonical":"https:\/\/innoplus.stradigi.dev\/de\/haftungsausschluss\/","og_locale":"de_DE","og_type":"article","og_title":"Haftungsausschluss - Inno+","og_description":"Lesen Sie den Haftungsausschluss von Inno+ f\u00fcr Informationen \u00fcber die Einschr\u00e4nkungen und Bedingungen unserer Website.","og_url":"https:\/\/innoplus.stradigi.dev\/de\/haftungsausschluss\/","og_site_name":"Inno+","article_publisher":"https:\/\/www.facebook.com\/innoplus.nl","article_modified_time":"2024-11-13T11:50:38+00:00","og_image":[{"width":1024,"height":599,"url":"https:\/\/innoplus.stradigi.dev\/app\/uploads\/2024\/10\/sunshine-over-dutch-farmland-with-windmill-2023-11-27-05-22-24-utc-small-1024x599.jpg","type":"image\/jpeg"}],"twitter_card":"summary_large_image","twitter_misc":{"Est. reading time":"1 minute"},"schema":{"@context":"https:\/\/schema.org","@graph":[{"@type":"WebPage","@id":"https:\/\/innoplus.stradigi.dev\/de\/haftungsausschluss\/","url":"https:\/\/innoplus.stradigi.dev\/de\/haftungsausschluss\/","name":"Haftungsausschluss - Inno+","isPartOf":{"@id":"https:\/\/innoplus.stradigi.dev\/de\/#website"},"primaryImageOfPage":{"@id":"https:\/\/innoplus.stradigi.dev\/de\/haftungsausschluss\/#primaryimage"},"image":{"@id":"https:\/\/innoplus.stradigi.dev\/de\/haftungsausschluss\/#primaryimage"},"thumbnailUrl":"https:\/\/innoplus.stradigi.dev\/app\/uploads\/2024\/10\/sunshine-over-dutch-farmland-with-windmill-2023-11-27-05-22-24-utc-small-scaled.jpg","datePublished":"2024-11-06T13:29:56+00:00","dateModified":"2024-11-13T11:50:38+00:00","description":"Lesen Sie den Haftungsausschluss von Inno+ f\u00fcr Informationen \u00fcber die Einschr\u00e4nkungen und Bedingungen unserer Website.","breadcrumb":{"@id":"https:\/\/innoplus.stradigi.dev\/de\/haftungsausschluss\/#breadcrumb"},"inLanguage":"de-DE","potentialAction":[{"@type":"ReadAction","target":["https:\/\/innoplus.stradigi.dev\/de\/haftungsausschluss\/"]}]},{"@type":"ImageObject","inLanguage":"de-DE","@id":"https:\/\/innoplus.stradigi.dev\/de\/haftungsausschluss\/#primaryimage","url":"https:\/\/innoplus.stradigi.dev\/app\/uploads\/2024\/10\/sunshine-over-dutch-farmland-with-windmill-2023-11-27-05-22-24-utc-small-scaled.jpg","contentUrl":"https:\/\/innoplus.stradigi.dev\/app\/uploads\/2024\/10\/sunshine-over-dutch-farmland-with-windmill-2023-11-27-05-22-24-utc-small-scaled.jpg","width":2560,"height":1498,"caption":"sunshine over Dutch farmland with windmill, Holland"},{"@type":"BreadcrumbList","@id":"https:\/\/innoplus.stradigi.dev\/de\/haftungsausschluss\/#breadcrumb","itemListElement":[{"@type":"ListItem","position":1,"name":"Home","item":"https:\/\/innoplus.stradigi.dev\/de\/"},{"@type":"ListItem","position":2,"name":"Haftungsausschluss"}]},{"@type":"WebSite","@id":"https:\/\/innoplus.stradigi.dev\/de\/#website","url":"https:\/\/innoplus.stradigi.dev\/de\/","name":"Inno+ | We energise farming","description":"We energise farming","publisher":{"@id":"https:\/\/innoplus.stradigi.dev\/de\/#organization"},"alternateName":"Inno+","potentialAction":[{"@type":"SearchAction","target":{"@type":"EntryPoint","urlTemplate":"https:\/\/innoplus.stradigi.dev\/de\/?s={search_term_string}"},"query-input":{"@type":"PropertyValueSpecification","valueRequired":true,"valueName":"search_term_string"}}],"inLanguage":"de-DE"},{"@type":"Organization","@id":"https:\/\/innoplus.stradigi.dev\/de\/#organization","name":"Inno+ | We energise farming","alternateName":"Inno+","url":"https:\/\/innoplus.stradigi.dev\/de\/","logo":{"@type":"ImageObject","inLanguage":"de-DE","@id":"https:\/\/innoplus.stradigi.dev\/de\/#\/schema\/logo\/image\/","url":"https:\/\/inno-plussystems.com\/app\/uploads\/2024\/09\/inno-plus_logo.svg","contentUrl":"https:\/\/inno-plussystems.com\/app\/uploads\/2024\/09\/inno-plus_logo.svg","width":1,"height":1,"caption":"Inno+ | We energise farming"},"image":{"@id":"https:\/\/innoplus.stradigi.dev\/de\/#\/schema\/logo\/image\/"},"sameAs":["https:\/\/www.facebook.com\/innoplus.nl","https:\/\/www.linkedin.com\/company\/inno-plus"]}]}},"_links":{"self":[{"href":"https:\/\/innoplus.stradigi.dev\/de\/wp-json\/wp\/v2\/pages\/1650","targetHints":{"allow":["GET"]}}],"collection":[{"href":"https:\/\/innoplus.stradigi.dev\/de\/wp-json\/wp\/v2\/pages"}],"about":[{"href":"https:\/\/innoplus.stradigi.dev\/de\/wp-json\/wp\/v2\/types\/page"}],"author":[{"embeddable":true,"href":"https:\/\/innoplus.stradigi.dev\/de\/wp-json\/wp\/v2\/users\/2"}],"replies":[{"embeddable":true,"href":"https:\/\/innoplus.stradigi.dev\/de\/wp-json\/wp\/v2\/comments?post=1650"}],"version-history":[{"count":1,"href":"https:\/\/innoplus.stradigi.dev\/de\/wp-json\/wp\/v2\/pages\/1650\/revisions"}],"predecessor-version":[{"id":2051,"href":"https:\/\/innoplus.stradigi.dev\/de\/wp-json\/wp\/v2\/pages\/1650\/revisions\/2051"}],"wp:featuredmedia":[{"embeddable":true,"href":"https:\/\/innoplus.stradigi.dev\/de\/wp-json\/wp\/v2\/media\/1023"}],"wp:attachment":[{"href":"https:\/\/innoplus.stradigi.dev\/de\/wp-json\/wp\/v2\/media?parent=1650"}],"curies":[{"name":"wp","href":"https:\/\/api.w.org\/{rel}","templated":true}]}}