{"id":1652,"date":"2024-11-06T15:37:18","date_gmt":"2024-11-06T15:37:18","guid":{"rendered":"http:\/\/innoplus.stradigi.dev\/produkte\/innoheat\/"},"modified":"2025-12-03T13:47:30","modified_gmt":"2025-12-03T13:47:30","slug":"innoheat","status":"publish","type":"page","link":"https:\/\/innoplus.stradigi.dev\/de\/produkte\/innoheat\/","title":{"rendered":"InnoHeat"},"content":{"rendered":"","protected":false},"excerpt":{"rendered":"<p>InnoHeat bietet W\u00e4rmer\u00fcckgewinnung f\u00fcr optimale Kosteneinsparungen und Energieeffizienz in der Tierhaltung.<\/p>\n","protected":false},"author":2,"featured_media":1499,"parent":1595,"menu_order":0,"comment_status":"closed","ping_status":"closed","template":"","meta":{"_acf_changed":false,"footnotes":""},"class_list":["post-1652","page","type-page","status-publish","has-post-thumbnail","hentry"],"acf":[],"yoast_head":"<!-- This site is optimized with the Yoast SEO plugin v27.1.1 - https:\/\/yoast.com\/product\/yoast-seo-wordpress\/ -->\n<title>InnoHeat - W\u00e4rmer\u00fcckgewinnung f\u00fcr Effizienz - Inno+<\/title>\n<meta name=\"description\" content=\"InnoHeat bietet W\u00e4rmer\u00fcckgewinnung f\u00fcr optimale Kosteneinsparungen und Energieeffizienz in der Tierhaltung. We energise farming!\" \/>\n<meta name=\"robots\" content=\"index, follow, max-snippet:-1, max-image-preview:large, max-video-preview:-1\" \/>\n<link rel=\"canonical\" href=\"https:\/\/innoplus.stradigi.dev\/de\/produkte\/innoheat\/\" \/>\n<meta property=\"og:locale\" content=\"de_DE\" \/>\n<meta property=\"og:type\" content=\"article\" \/>\n<meta property=\"og:title\" content=\"InnoHeat - W\u00e4rmer\u00fcckgewinnung f\u00fcr Effizienz - Inno+\" \/>\n<meta property=\"og:description\" content=\"InnoHeat bietet W\u00e4rmer\u00fcckgewinnung f\u00fcr optimale Kosteneinsparungen und Energieeffizienz in der Tierhaltung. We energise farming!\" \/>\n<meta property=\"og:url\" content=\"https:\/\/innoplus.stradigi.dev\/de\/produkte\/innoheat\/\" \/>\n<meta property=\"og:site_name\" content=\"Inno+\" \/>\n<meta property=\"article:publisher\" content=\"https:\/\/www.facebook.com\/innoplus.nl\" \/>\n<meta property=\"article:modified_time\" content=\"2025-12-03T13:47:30+00:00\" \/>\n<meta property=\"og:image\" content=\"https:\/\/innoplus.stradigi.dev\/app\/uploads\/2024\/11\/innoheat.jpeg\" \/>\n\t<meta property=\"og:image:width\" content=\"2000\" \/>\n\t<meta property=\"og:image:height\" content=\"1500\" \/>\n\t<meta property=\"og:image:type\" content=\"image\/jpeg\" \/>\n<meta name=\"twitter:card\" content=\"summary_large_image\" \/>\n<meta name=\"twitter:label1\" content=\"Est. reading time\" \/>\n\t<meta name=\"twitter:data1\" content=\"8 minutes\" \/>\n<script type=\"application\/ld+json\" class=\"yoast-schema-graph\">{\"@context\":\"https:\/\/schema.org\",\"@graph\":[{\"@type\":\"WebPage\",\"@id\":\"https:\/\/innoplus.stradigi.dev\/de\/produkte\/innoheat\/\",\"url\":\"https:\/\/innoplus.stradigi.dev\/de\/produkte\/innoheat\/\",\"name\":\"InnoHeat - W\u00e4rmer\u00fcckgewinnung f\u00fcr Effizienz - Inno+\",\"isPartOf\":{\"@id\":\"https:\/\/innoplus.stradigi.dev\/de\/#website\"},\"primaryImageOfPage\":{\"@id\":\"https:\/\/innoplus.stradigi.dev\/de\/produkte\/innoheat\/#primaryimage\"},\"image\":{\"@id\":\"https:\/\/innoplus.stradigi.dev\/de\/produkte\/innoheat\/#primaryimage\"},\"thumbnailUrl\":\"https:\/\/innoplus.stradigi.dev\/app\/uploads\/2024\/11\/innoheat.jpeg\",\"datePublished\":\"2024-11-06T15:37:18+00:00\",\"dateModified\":\"2025-12-03T13:47:30+00:00\",\"description\":\"InnoHeat bietet W\u00e4rmer\u00fcckgewinnung f\u00fcr optimale Kosteneinsparungen und Energieeffizienz in der Tierhaltung. We energise farming!\",\"breadcrumb\":{\"@id\":\"https:\/\/innoplus.stradigi.dev\/de\/produkte\/innoheat\/#breadcrumb\"},\"inLanguage\":\"de-DE\",\"potentialAction\":[{\"@type\":\"ReadAction\",\"target\":[\"https:\/\/innoplus.stradigi.dev\/de\/produkte\/innoheat\/\"]}]},{\"@type\":\"ImageObject\",\"inLanguage\":\"de-DE\",\"@id\":\"https:\/\/innoplus.stradigi.dev\/de\/produkte\/innoheat\/#primaryimage\",\"url\":\"https:\/\/innoplus.stradigi.dev\/app\/uploads\/2024\/11\/innoheat.jpeg\",\"contentUrl\":\"https:\/\/innoplus.stradigi.dev\/app\/uploads\/2024\/11\/innoheat.jpeg\",\"width\":2000,\"height\":1500},{\"@type\":\"BreadcrumbList\",\"@id\":\"https:\/\/innoplus.stradigi.dev\/de\/produkte\/innoheat\/#breadcrumb\",\"itemListElement\":[{\"@type\":\"ListItem\",\"position\":1,\"name\":\"Home\",\"item\":\"https:\/\/innoplus.stradigi.dev\/de\/\"},{\"@type\":\"ListItem\",\"position\":2,\"name\":\"Produkte\",\"item\":\"https:\/\/innoplus.stradigi.dev\/de\/produkte\/\"},{\"@type\":\"ListItem\",\"position\":3,\"name\":\"InnoHeat\"}]},{\"@type\":\"WebSite\",\"@id\":\"https:\/\/innoplus.stradigi.dev\/de\/#website\",\"url\":\"https:\/\/innoplus.stradigi.dev\/de\/\",\"name\":\"Inno+ | We energise farming\",\"description\":\"We energise farming\",\"publisher\":{\"@id\":\"https:\/\/innoplus.stradigi.dev\/de\/#organization\"},\"alternateName\":\"Inno+\",\"potentialAction\":[{\"@type\":\"SearchAction\",\"target\":{\"@type\":\"EntryPoint\",\"urlTemplate\":\"https:\/\/innoplus.stradigi.dev\/de\/?s={search_term_string}\"},\"query-input\":{\"@type\":\"PropertyValueSpecification\",\"valueRequired\":true,\"valueName\":\"search_term_string\"}}],\"inLanguage\":\"de-DE\"},{\"@type\":\"Organization\",\"@id\":\"https:\/\/innoplus.stradigi.dev\/de\/#organization\",\"name\":\"Inno+ | We energise farming\",\"alternateName\":\"Inno+\",\"url\":\"https:\/\/innoplus.stradigi.dev\/de\/\",\"logo\":{\"@type\":\"ImageObject\",\"inLanguage\":\"de-DE\",\"@id\":\"https:\/\/innoplus.stradigi.dev\/de\/#\/schema\/logo\/image\/\",\"url\":\"https:\/\/inno-plussystems.com\/app\/uploads\/2024\/09\/inno-plus_logo.svg\",\"contentUrl\":\"https:\/\/inno-plussystems.com\/app\/uploads\/2024\/09\/inno-plus_logo.svg\",\"width\":1,\"height\":1,\"caption\":\"Inno+ | We energise farming\"},\"image\":{\"@id\":\"https:\/\/innoplus.stradigi.dev\/de\/#\/schema\/logo\/image\/\"},\"sameAs\":[\"https:\/\/www.facebook.com\/innoplus.nl\",\"https:\/\/www.linkedin.com\/company\/inno-plus\"]}]}<\/script>\n<!-- \/ Yoast SEO plugin. -->","yoast_head_json":{"title":"InnoHeat - W\u00e4rmer\u00fcckgewinnung f\u00fcr Effizienz - Inno+","description":"InnoHeat bietet W\u00e4rmer\u00fcckgewinnung f\u00fcr optimale Kosteneinsparungen und Energieeffizienz in der Tierhaltung. We energise farming!","robots":{"index":"index","follow":"follow","max-snippet":"max-snippet:-1","max-image-preview":"max-image-preview:large","max-video-preview":"max-video-preview:-1"},"canonical":"https:\/\/innoplus.stradigi.dev\/de\/produkte\/innoheat\/","og_locale":"de_DE","og_type":"article","og_title":"InnoHeat - W\u00e4rmer\u00fcckgewinnung f\u00fcr Effizienz - Inno+","og_description":"InnoHeat bietet W\u00e4rmer\u00fcckgewinnung f\u00fcr optimale Kosteneinsparungen und Energieeffizienz in der Tierhaltung. We energise farming!","og_url":"https:\/\/innoplus.stradigi.dev\/de\/produkte\/innoheat\/","og_site_name":"Inno+","article_publisher":"https:\/\/www.facebook.com\/innoplus.nl","article_modified_time":"2025-12-03T13:47:30+00:00","og_image":[{"width":2000,"height":1500,"url":"https:\/\/innoplus.stradigi.dev\/app\/uploads\/2024\/11\/innoheat.jpeg","type":"image\/jpeg"}],"twitter_card":"summary_large_image","twitter_misc":{"Est. reading time":"8 minutes"},"schema":{"@context":"https:\/\/schema.org","@graph":[{"@type":"WebPage","@id":"https:\/\/innoplus.stradigi.dev\/de\/produkte\/innoheat\/","url":"https:\/\/innoplus.stradigi.dev\/de\/produkte\/innoheat\/","name":"InnoHeat - W\u00e4rmer\u00fcckgewinnung f\u00fcr Effizienz - Inno+","isPartOf":{"@id":"https:\/\/innoplus.stradigi.dev\/de\/#website"},"primaryImageOfPage":{"@id":"https:\/\/innoplus.stradigi.dev\/de\/produkte\/innoheat\/#primaryimage"},"image":{"@id":"https:\/\/innoplus.stradigi.dev\/de\/produkte\/innoheat\/#primaryimage"},"thumbnailUrl":"https:\/\/innoplus.stradigi.dev\/app\/uploads\/2024\/11\/innoheat.jpeg","datePublished":"2024-11-06T15:37:18+00:00","dateModified":"2025-12-03T13:47:30+00:00","description":"InnoHeat bietet W\u00e4rmer\u00fcckgewinnung f\u00fcr optimale Kosteneinsparungen und Energieeffizienz in der Tierhaltung. We energise farming!","breadcrumb":{"@id":"https:\/\/innoplus.stradigi.dev\/de\/produkte\/innoheat\/#breadcrumb"},"inLanguage":"de-DE","potentialAction":[{"@type":"ReadAction","target":["https:\/\/innoplus.stradigi.dev\/de\/produkte\/innoheat\/"]}]},{"@type":"ImageObject","inLanguage":"de-DE","@id":"https:\/\/innoplus.stradigi.dev\/de\/produkte\/innoheat\/#primaryimage","url":"https:\/\/innoplus.stradigi.dev\/app\/uploads\/2024\/11\/innoheat.jpeg","contentUrl":"https:\/\/innoplus.stradigi.dev\/app\/uploads\/2024\/11\/innoheat.jpeg","width":2000,"height":1500},{"@type":"BreadcrumbList","@id":"https:\/\/innoplus.stradigi.dev\/de\/produkte\/innoheat\/#breadcrumb","itemListElement":[{"@type":"ListItem","position":1,"name":"Home","item":"https:\/\/innoplus.stradigi.dev\/de\/"},{"@type":"ListItem","position":2,"name":"Produkte","item":"https:\/\/innoplus.stradigi.dev\/de\/produkte\/"},{"@type":"ListItem","position":3,"name":"InnoHeat"}]},{"@type":"WebSite","@id":"https:\/\/innoplus.stradigi.dev\/de\/#website","url":"https:\/\/innoplus.stradigi.dev\/de\/","name":"Inno+ | We energise farming","description":"We energise farming","publisher":{"@id":"https:\/\/innoplus.stradigi.dev\/de\/#organization"},"alternateName":"Inno+","potentialAction":[{"@type":"SearchAction","target":{"@type":"EntryPoint","urlTemplate":"https:\/\/innoplus.stradigi.dev\/de\/?s={search_term_string}"},"query-input":{"@type":"PropertyValueSpecification","valueRequired":true,"valueName":"search_term_string"}}],"inLanguage":"de-DE"},{"@type":"Organization","@id":"https:\/\/innoplus.stradigi.dev\/de\/#organization","name":"Inno+ | We energise farming","alternateName":"Inno+","url":"https:\/\/innoplus.stradigi.dev\/de\/","logo":{"@type":"ImageObject","inLanguage":"de-DE","@id":"https:\/\/innoplus.stradigi.dev\/de\/#\/schema\/logo\/image\/","url":"https:\/\/inno-plussystems.com\/app\/uploads\/2024\/09\/inno-plus_logo.svg","contentUrl":"https:\/\/inno-plussystems.com\/app\/uploads\/2024\/09\/inno-plus_logo.svg","width":1,"height":1,"caption":"Inno+ | We energise farming"},"image":{"@id":"https:\/\/innoplus.stradigi.dev\/de\/#\/schema\/logo\/image\/"},"sameAs":["https:\/\/www.facebook.com\/innoplus.nl","https:\/\/www.linkedin.com\/company\/inno-plus"]}]}},"_links":{"self":[{"href":"https:\/\/innoplus.stradigi.dev\/de\/wp-json\/wp\/v2\/pages\/1652","targetHints":{"allow":["GET"]}}],"collection":[{"href":"https:\/\/innoplus.stradigi.dev\/de\/wp-json\/wp\/v2\/pages"}],"about":[{"href":"https:\/\/innoplus.stradigi.dev\/de\/wp-json\/wp\/v2\/types\/page"}],"author":[{"embeddable":true,"href":"https:\/\/innoplus.stradigi.dev\/de\/wp-json\/wp\/v2\/users\/2"}],"replies":[{"embeddable":true,"href":"https:\/\/innoplus.stradigi.dev\/de\/wp-json\/wp\/v2\/comments?post=1652"}],"version-history":[{"count":12,"href":"https:\/\/innoplus.stradigi.dev\/de\/wp-json\/wp\/v2\/pages\/1652\/revisions"}],"predecessor-version":[{"id":3145,"href":"https:\/\/innoplus.stradigi.dev\/de\/wp-json\/wp\/v2\/pages\/1652\/revisions\/3145"}],"up":[{"embeddable":true,"href":"https:\/\/innoplus.stradigi.dev\/de\/wp-json\/wp\/v2\/pages\/1595"}],"wp:featuredmedia":[{"embeddable":true,"href":"https:\/\/innoplus.stradigi.dev\/de\/wp-json\/wp\/v2\/media\/1499"}],"wp:attachment":[{"href":"https:\/\/innoplus.stradigi.dev\/de\/wp-json\/wp\/v2\/media?parent=1652"}],"curies":[{"name":"wp","href":"https:\/\/api.w.org\/{rel}","templated":true}]}}